{"id":85,"date":"2026-04-12T01:40:40","date_gmt":"2026-04-12T01:40:40","guid":{"rendered":"https:\/\/wordpress-grvik.wasmer.app\/?post_type=product&#038;p=85"},"modified":"2026-04-15T14:25:57","modified_gmt":"2026-04-15T14:25:57","slug":"perfume-sauvage-dior-hombre","status":"publish","type":"product","link":"https:\/\/wordpress-grvik.wasmer.app\/?product=perfume-sauvage-dior-hombre","title":{"rendered":"CHRISTIAN DIOR Sauvage EDT 200ml Hombre"},"content":{"rendered":"<div>\n<div class=\"yj6qo\">Es una fragancia masculina intensa, fresca y magn\u00e9tica, inspirada en la libertad de los grandes espacios abiertos y en la fuerza de la naturaleza. Este perfume se ha convertido en un \u00edcono de la perfumer\u00eda moderna gracias a su car\u00e1cter poderoso, versatil y altamente reconocible.<br \/>\nLa fragancia abre con una explosi\u00f3n fresca y vibrante de bergamota, que aporta una sensaci\u00f3n limpia y energ\u00e9tica desde el primer instante. En el coraz\u00f3n, las notas especiadas y arom\u00e1ticas refuerzan su car\u00e1cter masculino y audaz, mientras que el fondo amaderado con ambroxan aporta profundidad, calidez y una estela duradera y seductora.<br \/>\nSauvage EDT 200ml es ideal para hombres seguros de s\u00ed mismos que buscan un aroma fresco pero intenso, perfecto para el uso diario, climas c\u00e1lidos o templados, y ocasiones tanto casuales como formales.<br \/>\nDetalles del producto:<br \/>\n\u2022 Familia olfativa: Arom\u00e1tica-Foug\u00e8re<br \/>\n\u2022 Notas de salida: Bergamota<br \/>\nNotas de coraz\u00f3n: Especias, notas arom\u00e1ticas<br \/>\nNotas de fondo: Ambroxan, notas amaderadas<br \/>\n\u2022 Presentaci\u00f3n: 200 ml Eau de Toilette (EDT)<\/div>\n<div class=\"adL\"><\/div>\n<\/div>\n<div class=\"adL\"><\/div>\n","protected":false},"excerpt":{"rendered":"<p>Perfume Sauvage Dior para hombre de 200 ml con fragancia fresca, intensa y duradera, ideal para uso diario.<\/p>\n","protected":false},"featured_media":86,"comment_status":"closed","ping_status":"closed","template":"","meta":[],"product_brand":[],"product_cat":[19],"product_tag":[],"class_list":{"0":"post-85","1":"product","2":"type-product","3":"status-publish","4":"has-post-thumbnail","6":"product_cat-sin-categorizar","8":"first","9":"instock","10":"sale","11":"shipping-taxable","12":"purchasable","13":"product-type-simple"},"yoast_head":"<!-- This site is optimized with the Yoast SEO plugin v27.4 - https:\/\/yoast.com\/product\/yoast-seo-wordpress\/ -->\n<title>CHRISTIAN DIOR Sauvage EDT 200ml Hombre - Aromas M\u00e9xico<\/title>\n<meta name=\"description\" content=\"Perfume Sauvage Dior para hombre de 200 ml con fragancia fresca, intensa y duradera, ideal para uso diario.\" \/>\n<meta name=\"robots\" content=\"index, follow, max-snippet:-1, max-image-preview:large, max-video-preview:-1\" \/>\n<link rel=\"canonical\" href=\"https:\/\/wordpress-grvik.wasmer.app\/?product=perfume-sauvage-dior-hombre\" \/>\n<meta property=\"og:locale\" content=\"es_ES\" \/>\n<meta property=\"og:type\" content=\"article\" \/>\n<meta property=\"og:title\" content=\"CHRISTIAN DIOR Sauvage EDT 200ml Hombre - Aromas M\u00e9xico\" \/>\n<meta property=\"og:description\" content=\"Perfume Sauvage Dior para hombre de 200 ml con fragancia fresca, intensa y duradera, ideal para uso diario.\" \/>\n<meta property=\"og:url\" content=\"https:\/\/wordpress-grvik.wasmer.app\/?product=perfume-sauvage-dior-hombre\" \/>\n<meta property=\"og:site_name\" content=\"Aromas M\u00e9xico\" \/>\n<meta property=\"article:modified_time\" content=\"2026-04-15T14:25:57+00:00\" \/>\n<meta property=\"og:image\" content=\"http:\/\/wordpress-grvik.wasmer.app\/wp-content\/uploads\/2026\/04\/IMG_0561.jpeg\" \/>\n\t<meta property=\"og:image:width\" content=\"1178\" \/>\n\t<meta property=\"og:image:height\" content=\"1210\" \/>\n\t<meta property=\"og:image:type\" content=\"image\/jpeg\" \/>\n<meta name=\"twitter:card\" content=\"summary_large_image\" \/>\n<meta name=\"twitter:label1\" content=\"Tiempo de lectura\" \/>\n\t<meta name=\"twitter:data1\" content=\"1 minuto\" \/>\n<script type=\"application\/ld+json\" class=\"yoast-schema-graph\">{\"@context\":\"https:\\\/\\\/schema.org\",\"@graph\":[{\"@type\":\"WebPage\",\"@id\":\"https:\\\/\\\/wordpress-grvik.wasmer.app\\\/?product=perfume-sauvage-dior-hombre\",\"url\":\"https:\\\/\\\/wordpress-grvik.wasmer.app\\\/?product=perfume-sauvage-dior-hombre\",\"name\":\"CHRISTIAN DIOR Sauvage EDT 200ml Hombre - Aromas M\u00e9xico\",\"isPartOf\":{\"@id\":\"https:\\\/\\\/wordpress-grvik.wasmer.app\\\/#website\"},\"primaryImageOfPage\":{\"@id\":\"https:\\\/\\\/wordpress-grvik.wasmer.app\\\/?product=perfume-sauvage-dior-hombre#primaryimage\"},\"image\":{\"@id\":\"https:\\\/\\\/wordpress-grvik.wasmer.app\\\/?product=perfume-sauvage-dior-hombre#primaryimage\"},\"thumbnailUrl\":\"https:\\\/\\\/wordpress-grvik.wasmer.app\\\/wp-content\\\/uploads\\\/2026\\\/04\\\/IMG_0561.jpeg\",\"datePublished\":\"2026-04-12T01:40:40+00:00\",\"dateModified\":\"2026-04-15T14:25:57+00:00\",\"description\":\"Perfume Sauvage Dior para hombre de 200 ml con fragancia fresca, intensa y duradera, ideal para uso diario.\",\"breadcrumb\":{\"@id\":\"https:\\\/\\\/wordpress-grvik.wasmer.app\\\/?product=perfume-sauvage-dior-hombre#breadcrumb\"},\"inLanguage\":\"es\",\"potentialAction\":[{\"@type\":\"ReadAction\",\"target\":[\"https:\\\/\\\/wordpress-grvik.wasmer.app\\\/?product=perfume-sauvage-dior-hombre\"]}]},{\"@type\":\"ImageObject\",\"inLanguage\":\"es\",\"@id\":\"https:\\\/\\\/wordpress-grvik.wasmer.app\\\/?product=perfume-sauvage-dior-hombre#primaryimage\",\"url\":\"https:\\\/\\\/wordpress-grvik.wasmer.app\\\/wp-content\\\/uploads\\\/2026\\\/04\\\/IMG_0561.jpeg\",\"contentUrl\":\"https:\\\/\\\/wordpress-grvik.wasmer.app\\\/wp-content\\\/uploads\\\/2026\\\/04\\\/IMG_0561.jpeg\",\"width\":1178,\"height\":1210,\"caption\":\"Screenshot\"},{\"@type\":\"BreadcrumbList\",\"@id\":\"https:\\\/\\\/wordpress-grvik.wasmer.app\\\/?product=perfume-sauvage-dior-hombre#breadcrumb\",\"itemListElement\":[{\"@type\":\"ListItem\",\"position\":1,\"name\":\"Portada\",\"item\":\"https:\\\/\\\/wordpress-grvik.wasmer.app\\\/\"},{\"@type\":\"ListItem\",\"position\":2,\"name\":\"Tienda en linea\",\"item\":\"https:\\\/\\\/wordpress-grvik.wasmer.app\\\/?page_id=60\"},{\"@type\":\"ListItem\",\"position\":3,\"name\":\"CHRISTIAN DIOR Sauvage EDT 200ml Hombre\"}]},{\"@type\":\"WebSite\",\"@id\":\"https:\\\/\\\/wordpress-grvik.wasmer.app\\\/#website\",\"url\":\"https:\\\/\\\/wordpress-grvik.wasmer.app\\\/\",\"name\":\"Aromas M\u00e9xico\",\"description\":\"Perfumes de alta gama para hombres y mujeres que buscan un aroma \u00fanico y sofisticado.\",\"publisher\":{\"@id\":\"https:\\\/\\\/wordpress-grvik.wasmer.app\\\/#organization\"},\"potentialAction\":[{\"@type\":\"SearchAction\",\"target\":{\"@type\":\"EntryPoint\",\"urlTemplate\":\"https:\\\/\\\/wordpress-grvik.wasmer.app\\\/?s={search_term_string}\"},\"query-input\":{\"@type\":\"PropertyValueSpecification\",\"valueRequired\":true,\"valueName\":\"search_term_string\"}}],\"inLanguage\":\"es\"},{\"@type\":\"Organization\",\"@id\":\"https:\\\/\\\/wordpress-grvik.wasmer.app\\\/#organization\",\"name\":\"Aromas M\u00e9xico\",\"url\":\"https:\\\/\\\/wordpress-grvik.wasmer.app\\\/\",\"logo\":{\"@type\":\"ImageObject\",\"inLanguage\":\"es\",\"@id\":\"https:\\\/\\\/wordpress-grvik.wasmer.app\\\/#\\\/schema\\\/logo\\\/image\\\/\",\"url\":\"https:\\\/\\\/wordpress-grvik.wasmer.app\\\/wp-content\\\/uploads\\\/2026\\\/03\\\/Logos-Perfumeria-y-Cosmetica-Delicado-Beige-y-Negro.png\",\"contentUrl\":\"https:\\\/\\\/wordpress-grvik.wasmer.app\\\/wp-content\\\/uploads\\\/2026\\\/03\\\/Logos-Perfumeria-y-Cosmetica-Delicado-Beige-y-Negro.png\",\"width\":2000,\"height\":2000,\"caption\":\"Aromas M\u00e9xico\"},\"image\":{\"@id\":\"https:\\\/\\\/wordpress-grvik.wasmer.app\\\/#\\\/schema\\\/logo\\\/image\\\/\"}}]}<\/script>\n<!-- \/ Yoast SEO plugin. -->","yoast_head_json":{"title":"CHRISTIAN DIOR Sauvage EDT 200ml Hombre - Aromas M\u00e9xico","description":"Perfume Sauvage Dior para hombre de 200 ml con fragancia fresca, intensa y duradera, ideal para uso diario.","robots":{"index":"index","follow":"follow","max-snippet":"max-snippet:-1","max-image-preview":"max-image-preview:large","max-video-preview":"max-video-preview:-1"},"canonical":"https:\/\/wordpress-grvik.wasmer.app\/?product=perfume-sauvage-dior-hombre","og_locale":"es_ES","og_type":"article","og_title":"CHRISTIAN DIOR Sauvage EDT 200ml Hombre - Aromas M\u00e9xico","og_description":"Perfume Sauvage Dior para hombre de 200 ml con fragancia fresca, intensa y duradera, ideal para uso diario.","og_url":"https:\/\/wordpress-grvik.wasmer.app\/?product=perfume-sauvage-dior-hombre","og_site_name":"Aromas M\u00e9xico","article_modified_time":"2026-04-15T14:25:57+00:00","og_image":[{"width":1178,"height":1210,"url":"http:\/\/wordpress-grvik.wasmer.app\/wp-content\/uploads\/2026\/04\/IMG_0561.jpeg","type":"image\/jpeg"}],"twitter_card":"summary_large_image","twitter_misc":{"Tiempo de lectura":"1 minuto"},"schema":{"@context":"https:\/\/schema.org","@graph":[{"@type":"WebPage","@id":"https:\/\/wordpress-grvik.wasmer.app\/?product=perfume-sauvage-dior-hombre","url":"https:\/\/wordpress-grvik.wasmer.app\/?product=perfume-sauvage-dior-hombre","name":"CHRISTIAN DIOR Sauvage EDT 200ml Hombre - Aromas M\u00e9xico","isPartOf":{"@id":"https:\/\/wordpress-grvik.wasmer.app\/#website"},"primaryImageOfPage":{"@id":"https:\/\/wordpress-grvik.wasmer.app\/?product=perfume-sauvage-dior-hombre#primaryimage"},"image":{"@id":"https:\/\/wordpress-grvik.wasmer.app\/?product=perfume-sauvage-dior-hombre#primaryimage"},"thumbnailUrl":"https:\/\/wordpress-grvik.wasmer.app\/wp-content\/uploads\/2026\/04\/IMG_0561.jpeg","datePublished":"2026-04-12T01:40:40+00:00","dateModified":"2026-04-15T14:25:57+00:00","description":"Perfume Sauvage Dior para hombre de 200 ml con fragancia fresca, intensa y duradera, ideal para uso diario.","breadcrumb":{"@id":"https:\/\/wordpress-grvik.wasmer.app\/?product=perfume-sauvage-dior-hombre#breadcrumb"},"inLanguage":"es","potentialAction":[{"@type":"ReadAction","target":["https:\/\/wordpress-grvik.wasmer.app\/?product=perfume-sauvage-dior-hombre"]}]},{"@type":"ImageObject","inLanguage":"es","@id":"https:\/\/wordpress-grvik.wasmer.app\/?product=perfume-sauvage-dior-hombre#primaryimage","url":"https:\/\/wordpress-grvik.wasmer.app\/wp-content\/uploads\/2026\/04\/IMG_0561.jpeg","contentUrl":"https:\/\/wordpress-grvik.wasmer.app\/wp-content\/uploads\/2026\/04\/IMG_0561.jpeg","width":1178,"height":1210,"caption":"Screenshot"},{"@type":"BreadcrumbList","@id":"https:\/\/wordpress-grvik.wasmer.app\/?product=perfume-sauvage-dior-hombre#breadcrumb","itemListElement":[{"@type":"ListItem","position":1,"name":"Portada","item":"https:\/\/wordpress-grvik.wasmer.app\/"},{"@type":"ListItem","position":2,"name":"Tienda en linea","item":"https:\/\/wordpress-grvik.wasmer.app\/?page_id=60"},{"@type":"ListItem","position":3,"name":"CHRISTIAN DIOR Sauvage EDT 200ml Hombre"}]},{"@type":"WebSite","@id":"https:\/\/wordpress-grvik.wasmer.app\/#website","url":"https:\/\/wordpress-grvik.wasmer.app\/","name":"Aromas M\u00e9xico","description":"Perfumes de alta gama para hombres y mujeres que buscan un aroma \u00fanico y sofisticado.","publisher":{"@id":"https:\/\/wordpress-grvik.wasmer.app\/#organization"},"potentialAction":[{"@type":"SearchAction","target":{"@type":"EntryPoint","urlTemplate":"https:\/\/wordpress-grvik.wasmer.app\/?s={search_term_string}"},"query-input":{"@type":"PropertyValueSpecification","valueRequired":true,"valueName":"search_term_string"}}],"inLanguage":"es"},{"@type":"Organization","@id":"https:\/\/wordpress-grvik.wasmer.app\/#organization","name":"Aromas M\u00e9xico","url":"https:\/\/wordpress-grvik.wasmer.app\/","logo":{"@type":"ImageObject","inLanguage":"es","@id":"https:\/\/wordpress-grvik.wasmer.app\/#\/schema\/logo\/image\/","url":"https:\/\/wordpress-grvik.wasmer.app\/wp-content\/uploads\/2026\/03\/Logos-Perfumeria-y-Cosmetica-Delicado-Beige-y-Negro.png","contentUrl":"https:\/\/wordpress-grvik.wasmer.app\/wp-content\/uploads\/2026\/03\/Logos-Perfumeria-y-Cosmetica-Delicado-Beige-y-Negro.png","width":2000,"height":2000,"caption":"Aromas M\u00e9xico"},"image":{"@id":"https:\/\/wordpress-grvik.wasmer.app\/#\/schema\/logo\/image\/"}}]}},"jetpack_sharing_enabled":true,"_links":{"self":[{"href":"https:\/\/wordpress-grvik.wasmer.app\/index.php?rest_route=\/wp\/v2\/product\/85","targetHints":{"allow":["GET"]}}],"collection":[{"href":"https:\/\/wordpress-grvik.wasmer.app\/index.php?rest_route=\/wp\/v2\/product"}],"about":[{"href":"https:\/\/wordpress-grvik.wasmer.app\/index.php?rest_route=\/wp\/v2\/types\/product"}],"replies":[{"embeddable":true,"href":"https:\/\/wordpress-grvik.wasmer.app\/index.php?rest_route=%2Fwp%2Fv2%2Fcomments&post=85"}],"wp:featuredmedia":[{"embeddable":true,"href":"https:\/\/wordpress-grvik.wasmer.app\/index.php?rest_route=\/wp\/v2\/media\/86"}],"wp:attachment":[{"href":"https:\/\/wordpress-grvik.wasmer.app\/index.php?rest_route=%2Fwp%2Fv2%2Fmedia&parent=85"}],"wp:term":[{"taxonomy":"product_brand","embeddable":true,"href":"https:\/\/wordpress-grvik.wasmer.app\/index.php?rest_route=%2Fwp%2Fv2%2Fproduct_brand&post=85"},{"taxonomy":"product_cat","embeddable":true,"href":"https:\/\/wordpress-grvik.wasmer.app\/index.php?rest_route=%2Fwp%2Fv2%2Fproduct_cat&post=85"},{"taxonomy":"product_tag","embeddable":true,"href":"https:\/\/wordpress-grvik.wasmer.app\/index.php?rest_route=%2Fwp%2Fv2%2Fproduct_tag&post=85"}],"curies":[{"name":"wp","href":"https:\/\/api.w.org\/{rel}","templated":true}]}}