{"id":78,"date":"2026-04-11T23:48:10","date_gmt":"2026-04-11T23:48:10","guid":{"rendered":"https:\/\/wordpress-grvik.wasmer.app\/?post_type=product&#038;p=78"},"modified":"2026-04-15T14:38:22","modified_gmt":"2026-04-15T14:38:22","slug":"perfume-ck-be-hombre","status":"publish","type":"product","link":"https:\/\/wordpress-grvik.wasmer.app\/?product=perfume-ck-be-hombre","title":{"rendered":"Ck Be 200ml SET 2 Piezas Hombre EDT 200ml + Desodorante"},"content":{"rendered":"<div>CK Be Set 2 Piezas para Hombre<br \/>\nEs un set masculino ic\u00f3nico, fresco y vers\u00e1til que celebra la libertad, la sencillez y la modernidad. CK Be Eau de Toilette 200 ml es una fragancia unisex cl\u00e1sica con un perfil aromatico suave y limpio, ideal para hombres que buscan un aroma relajado pero distintivo que acompa\u00f1e cada momento del d\u00eda.<br \/>\nLa fragancia se abre con notas refrescantes y luminosas que aportan una sensaci\u00f3n ligera y revitalizante desde el primer instante. En el coraz\u00f3n, acordes herbales y arom\u00e1ticos equilibrados envuelven la composici\u00f3n con naturalidad \u0443 car\u00e1cter. Las notas de fondo, suaves y confortables, aportan una estela masculina, fresca y duradera sin ser invasiva, perfecta para un estilo de vida relajado y aut\u00e9ntico.<br \/>\nEste set incluye un desodorante que proporciona protecci\u00f3n y una sensaci\u00f3n fresca durante todo el d\u00eda, complementando perfectamente la fragancia principal.<br \/>\nIncluye:<br \/>\nEau de Toilette CK Be 200 ml<br \/>\n\u2022 Desodorante<br \/>\nPerfecto para hombres que buscan un aroma fresco, limpio y<br \/>\nvers\u00e1til con un set pr\u00e1ctico y completo de cuidado diario.<\/div>\n","protected":false},"excerpt":{"rendered":"<p>Perfume CK Be para hombre en set de 2 piezas con fragancia fresca, limpia y vers\u00e1til, ideal para uso diario<\/p>\n","protected":false},"featured_media":79,"comment_status":"open","ping_status":"closed","template":"","meta":[],"product_brand":[],"product_cat":[19],"product_tag":[],"class_list":{"0":"post-78","1":"product","2":"type-product","3":"status-publish","4":"has-post-thumbnail","6":"product_cat-sin-categorizar","8":"first","9":"instock","10":"sale","11":"shipping-taxable","12":"purchasable","13":"product-type-simple"},"yoast_head":"<!-- This site is optimized with the Yoast SEO plugin v27.4 - https:\/\/yoast.com\/product\/yoast-seo-wordpress\/ -->\n<title>Ck Be 200ml SET 2 Piezas Hombre EDT 200ml + Desodorante - Aromas M\u00e9xico<\/title>\n<meta name=\"description\" content=\"Perfume CK Be hombre de 200 ml con desodorante, fragancia fresca, limpia y vers\u00e1til ideal para uso diario.\" \/>\n<meta name=\"robots\" content=\"index, follow, max-snippet:-1, max-image-preview:large, max-video-preview:-1\" \/>\n<link rel=\"canonical\" href=\"https:\/\/wordpress-grvik.wasmer.app\/?product=perfume-ck-be-hombre\" \/>\n<meta property=\"og:locale\" content=\"es_ES\" \/>\n<meta property=\"og:type\" content=\"article\" \/>\n<meta property=\"og:title\" content=\"Ck Be 200ml SET 2 Piezas Hombre EDT 200ml + Desodorante - Aromas M\u00e9xico\" \/>\n<meta property=\"og:description\" content=\"Perfume CK Be hombre de 200 ml con desodorante, fragancia fresca, limpia y vers\u00e1til ideal para uso diario.\" \/>\n<meta property=\"og:url\" content=\"https:\/\/wordpress-grvik.wasmer.app\/?product=perfume-ck-be-hombre\" \/>\n<meta property=\"og:site_name\" content=\"Aromas M\u00e9xico\" \/>\n<meta property=\"article:modified_time\" content=\"2026-04-15T14:38:22+00:00\" \/>\n<meta property=\"og:image\" content=\"http:\/\/wordpress-grvik.wasmer.app\/wp-content\/uploads\/2026\/04\/IMG_0560.jpeg\" \/>\n\t<meta property=\"og:image:width\" content=\"1179\" \/>\n\t<meta property=\"og:image:height\" content=\"1219\" \/>\n\t<meta property=\"og:image:type\" content=\"image\/jpeg\" \/>\n<meta name=\"twitter:card\" content=\"summary_large_image\" \/>\n<meta name=\"twitter:label1\" content=\"Tiempo de lectura\" \/>\n\t<meta name=\"twitter:data1\" content=\"1 minuto\" \/>\n<script type=\"application\/ld+json\" class=\"yoast-schema-graph\">{\"@context\":\"https:\\\/\\\/schema.org\",\"@graph\":[{\"@type\":\"WebPage\",\"@id\":\"https:\\\/\\\/wordpress-grvik.wasmer.app\\\/?product=perfume-ck-be-hombre\",\"url\":\"https:\\\/\\\/wordpress-grvik.wasmer.app\\\/?product=perfume-ck-be-hombre\",\"name\":\"Ck Be 200ml SET 2 Piezas Hombre EDT 200ml + Desodorante - Aromas M\u00e9xico\",\"isPartOf\":{\"@id\":\"https:\\\/\\\/wordpress-grvik.wasmer.app\\\/#website\"},\"primaryImageOfPage\":{\"@id\":\"https:\\\/\\\/wordpress-grvik.wasmer.app\\\/?product=perfume-ck-be-hombre#primaryimage\"},\"image\":{\"@id\":\"https:\\\/\\\/wordpress-grvik.wasmer.app\\\/?product=perfume-ck-be-hombre#primaryimage\"},\"thumbnailUrl\":\"https:\\\/\\\/wordpress-grvik.wasmer.app\\\/wp-content\\\/uploads\\\/2026\\\/04\\\/IMG_0560.jpeg\",\"datePublished\":\"2026-04-11T23:48:10+00:00\",\"dateModified\":\"2026-04-15T14:38:22+00:00\",\"description\":\"Perfume CK Be hombre de 200 ml con desodorante, fragancia fresca, limpia y vers\u00e1til ideal para uso diario.\",\"breadcrumb\":{\"@id\":\"https:\\\/\\\/wordpress-grvik.wasmer.app\\\/?product=perfume-ck-be-hombre#breadcrumb\"},\"inLanguage\":\"es\",\"potentialAction\":[{\"@type\":\"ReadAction\",\"target\":[\"https:\\\/\\\/wordpress-grvik.wasmer.app\\\/?product=perfume-ck-be-hombre\"]}]},{\"@type\":\"ImageObject\",\"inLanguage\":\"es\",\"@id\":\"https:\\\/\\\/wordpress-grvik.wasmer.app\\\/?product=perfume-ck-be-hombre#primaryimage\",\"url\":\"https:\\\/\\\/wordpress-grvik.wasmer.app\\\/wp-content\\\/uploads\\\/2026\\\/04\\\/IMG_0560.jpeg\",\"contentUrl\":\"https:\\\/\\\/wordpress-grvik.wasmer.app\\\/wp-content\\\/uploads\\\/2026\\\/04\\\/IMG_0560.jpeg\",\"width\":1179,\"height\":1219,\"caption\":\"Screenshot\"},{\"@type\":\"BreadcrumbList\",\"@id\":\"https:\\\/\\\/wordpress-grvik.wasmer.app\\\/?product=perfume-ck-be-hombre#breadcrumb\",\"itemListElement\":[{\"@type\":\"ListItem\",\"position\":1,\"name\":\"Portada\",\"item\":\"https:\\\/\\\/wordpress-grvik.wasmer.app\\\/\"},{\"@type\":\"ListItem\",\"position\":2,\"name\":\"Tienda en linea\",\"item\":\"https:\\\/\\\/wordpress-grvik.wasmer.app\\\/?page_id=60\"},{\"@type\":\"ListItem\",\"position\":3,\"name\":\"Ck Be 200ml SET 2 Piezas Hombre EDT 200ml + Desodorante\"}]},{\"@type\":\"WebSite\",\"@id\":\"https:\\\/\\\/wordpress-grvik.wasmer.app\\\/#website\",\"url\":\"https:\\\/\\\/wordpress-grvik.wasmer.app\\\/\",\"name\":\"Aromas M\u00e9xico\",\"description\":\"Perfumes de alta gama para hombres y mujeres que buscan un aroma \u00fanico y sofisticado.\",\"publisher\":{\"@id\":\"https:\\\/\\\/wordpress-grvik.wasmer.app\\\/#organization\"},\"potentialAction\":[{\"@type\":\"SearchAction\",\"target\":{\"@type\":\"EntryPoint\",\"urlTemplate\":\"https:\\\/\\\/wordpress-grvik.wasmer.app\\\/?s={search_term_string}\"},\"query-input\":{\"@type\":\"PropertyValueSpecification\",\"valueRequired\":true,\"valueName\":\"search_term_string\"}}],\"inLanguage\":\"es\"},{\"@type\":\"Organization\",\"@id\":\"https:\\\/\\\/wordpress-grvik.wasmer.app\\\/#organization\",\"name\":\"Aromas M\u00e9xico\",\"url\":\"https:\\\/\\\/wordpress-grvik.wasmer.app\\\/\",\"logo\":{\"@type\":\"ImageObject\",\"inLanguage\":\"es\",\"@id\":\"https:\\\/\\\/wordpress-grvik.wasmer.app\\\/#\\\/schema\\\/logo\\\/image\\\/\",\"url\":\"https:\\\/\\\/wordpress-grvik.wasmer.app\\\/wp-content\\\/uploads\\\/2026\\\/03\\\/Logos-Perfumeria-y-Cosmetica-Delicado-Beige-y-Negro.png\",\"contentUrl\":\"https:\\\/\\\/wordpress-grvik.wasmer.app\\\/wp-content\\\/uploads\\\/2026\\\/03\\\/Logos-Perfumeria-y-Cosmetica-Delicado-Beige-y-Negro.png\",\"width\":2000,\"height\":2000,\"caption\":\"Aromas M\u00e9xico\"},\"image\":{\"@id\":\"https:\\\/\\\/wordpress-grvik.wasmer.app\\\/#\\\/schema\\\/logo\\\/image\\\/\"}}]}<\/script>\n<!-- \/ Yoast SEO plugin. -->","yoast_head_json":{"title":"Ck Be 200ml SET 2 Piezas Hombre EDT 200ml + Desodorante - Aromas M\u00e9xico","description":"Perfume CK Be hombre de 200 ml con desodorante, fragancia fresca, limpia y vers\u00e1til ideal para uso diario.","robots":{"index":"index","follow":"follow","max-snippet":"max-snippet:-1","max-image-preview":"max-image-preview:large","max-video-preview":"max-video-preview:-1"},"canonical":"https:\/\/wordpress-grvik.wasmer.app\/?product=perfume-ck-be-hombre","og_locale":"es_ES","og_type":"article","og_title":"Ck Be 200ml SET 2 Piezas Hombre EDT 200ml + Desodorante - Aromas M\u00e9xico","og_description":"Perfume CK Be hombre de 200 ml con desodorante, fragancia fresca, limpia y vers\u00e1til ideal para uso diario.","og_url":"https:\/\/wordpress-grvik.wasmer.app\/?product=perfume-ck-be-hombre","og_site_name":"Aromas M\u00e9xico","article_modified_time":"2026-04-15T14:38:22+00:00","og_image":[{"width":1179,"height":1219,"url":"http:\/\/wordpress-grvik.wasmer.app\/wp-content\/uploads\/2026\/04\/IMG_0560.jpeg","type":"image\/jpeg"}],"twitter_card":"summary_large_image","twitter_misc":{"Tiempo de lectura":"1 minuto"},"schema":{"@context":"https:\/\/schema.org","@graph":[{"@type":"WebPage","@id":"https:\/\/wordpress-grvik.wasmer.app\/?product=perfume-ck-be-hombre","url":"https:\/\/wordpress-grvik.wasmer.app\/?product=perfume-ck-be-hombre","name":"Ck Be 200ml SET 2 Piezas Hombre EDT 200ml + Desodorante - Aromas M\u00e9xico","isPartOf":{"@id":"https:\/\/wordpress-grvik.wasmer.app\/#website"},"primaryImageOfPage":{"@id":"https:\/\/wordpress-grvik.wasmer.app\/?product=perfume-ck-be-hombre#primaryimage"},"image":{"@id":"https:\/\/wordpress-grvik.wasmer.app\/?product=perfume-ck-be-hombre#primaryimage"},"thumbnailUrl":"https:\/\/wordpress-grvik.wasmer.app\/wp-content\/uploads\/2026\/04\/IMG_0560.jpeg","datePublished":"2026-04-11T23:48:10+00:00","dateModified":"2026-04-15T14:38:22+00:00","description":"Perfume CK Be hombre de 200 ml con desodorante, fragancia fresca, limpia y vers\u00e1til ideal para uso diario.","breadcrumb":{"@id":"https:\/\/wordpress-grvik.wasmer.app\/?product=perfume-ck-be-hombre#breadcrumb"},"inLanguage":"es","potentialAction":[{"@type":"ReadAction","target":["https:\/\/wordpress-grvik.wasmer.app\/?product=perfume-ck-be-hombre"]}]},{"@type":"ImageObject","inLanguage":"es","@id":"https:\/\/wordpress-grvik.wasmer.app\/?product=perfume-ck-be-hombre#primaryimage","url":"https:\/\/wordpress-grvik.wasmer.app\/wp-content\/uploads\/2026\/04\/IMG_0560.jpeg","contentUrl":"https:\/\/wordpress-grvik.wasmer.app\/wp-content\/uploads\/2026\/04\/IMG_0560.jpeg","width":1179,"height":1219,"caption":"Screenshot"},{"@type":"BreadcrumbList","@id":"https:\/\/wordpress-grvik.wasmer.app\/?product=perfume-ck-be-hombre#breadcrumb","itemListElement":[{"@type":"ListItem","position":1,"name":"Portada","item":"https:\/\/wordpress-grvik.wasmer.app\/"},{"@type":"ListItem","position":2,"name":"Tienda en linea","item":"https:\/\/wordpress-grvik.wasmer.app\/?page_id=60"},{"@type":"ListItem","position":3,"name":"Ck Be 200ml SET 2 Piezas Hombre EDT 200ml + Desodorante"}]},{"@type":"WebSite","@id":"https:\/\/wordpress-grvik.wasmer.app\/#website","url":"https:\/\/wordpress-grvik.wasmer.app\/","name":"Aromas M\u00e9xico","description":"Perfumes de alta gama para hombres y mujeres que buscan un aroma \u00fanico y sofisticado.","publisher":{"@id":"https:\/\/wordpress-grvik.wasmer.app\/#organization"},"potentialAction":[{"@type":"SearchAction","target":{"@type":"EntryPoint","urlTemplate":"https:\/\/wordpress-grvik.wasmer.app\/?s={search_term_string}"},"query-input":{"@type":"PropertyValueSpecification","valueRequired":true,"valueName":"search_term_string"}}],"inLanguage":"es"},{"@type":"Organization","@id":"https:\/\/wordpress-grvik.wasmer.app\/#organization","name":"Aromas M\u00e9xico","url":"https:\/\/wordpress-grvik.wasmer.app\/","logo":{"@type":"ImageObject","inLanguage":"es","@id":"https:\/\/wordpress-grvik.wasmer.app\/#\/schema\/logo\/image\/","url":"https:\/\/wordpress-grvik.wasmer.app\/wp-content\/uploads\/2026\/03\/Logos-Perfumeria-y-Cosmetica-Delicado-Beige-y-Negro.png","contentUrl":"https:\/\/wordpress-grvik.wasmer.app\/wp-content\/uploads\/2026\/03\/Logos-Perfumeria-y-Cosmetica-Delicado-Beige-y-Negro.png","width":2000,"height":2000,"caption":"Aromas M\u00e9xico"},"image":{"@id":"https:\/\/wordpress-grvik.wasmer.app\/#\/schema\/logo\/image\/"}}]}},"jetpack_sharing_enabled":true,"_links":{"self":[{"href":"https:\/\/wordpress-grvik.wasmer.app\/index.php?rest_route=\/wp\/v2\/product\/78","targetHints":{"allow":["GET"]}}],"collection":[{"href":"https:\/\/wordpress-grvik.wasmer.app\/index.php?rest_route=\/wp\/v2\/product"}],"about":[{"href":"https:\/\/wordpress-grvik.wasmer.app\/index.php?rest_route=\/wp\/v2\/types\/product"}],"replies":[{"embeddable":true,"href":"https:\/\/wordpress-grvik.wasmer.app\/index.php?rest_route=%2Fwp%2Fv2%2Fcomments&post=78"}],"wp:featuredmedia":[{"embeddable":true,"href":"https:\/\/wordpress-grvik.wasmer.app\/index.php?rest_route=\/wp\/v2\/media\/79"}],"wp:attachment":[{"href":"https:\/\/wordpress-grvik.wasmer.app\/index.php?rest_route=%2Fwp%2Fv2%2Fmedia&parent=78"}],"wp:term":[{"taxonomy":"product_brand","embeddable":true,"href":"https:\/\/wordpress-grvik.wasmer.app\/index.php?rest_route=%2Fwp%2Fv2%2Fproduct_brand&post=78"},{"taxonomy":"product_cat","embeddable":true,"href":"https:\/\/wordpress-grvik.wasmer.app\/index.php?rest_route=%2Fwp%2Fv2%2Fproduct_cat&post=78"},{"taxonomy":"product_tag","embeddable":true,"href":"https:\/\/wordpress-grvik.wasmer.app\/index.php?rest_route=%2Fwp%2Fv2%2Fproduct_tag&post=78"}],"curies":[{"name":"wp","href":"https:\/\/api.w.org\/{rel}","templated":true}]}}