{"id":64,"date":"2026-04-10T08:50:42","date_gmt":"2026-04-10T08:50:42","guid":{"rendered":"https:\/\/wordpress-grvik.wasmer.app\/?page_id=64"},"modified":"2026-04-10T08:58:07","modified_gmt":"2026-04-10T08:58:07","slug":"reembolso_devoluciones","status":"publish","type":"page","link":"https:\/\/wordpress-grvik.wasmer.app\/?page_id=64","title":{"rendered":"Embudo de ventas"},"content":{"rendered":"\n<div class=\"wp-block-group alignfull has-contrast-color has-background-fade-1-gradient-background has-text-color has-background has-link-color wp-elements-18d87292f1c6f90f324dad247daf43b2 has-global-padding is-layout-constrained wp-block-group-is-layout-constrained\" style=\"margin-top:0;padding-top:var(--wp--preset--spacing--70);padding-bottom:var(--wp--preset--spacing--70)\">\n<div style=\"height:2rem\" aria-hidden=\"true\" class=\"wp-block-spacer\"><\/div>\n\n\n\n<div class=\"wp-block-columns alignwide is-layout-flex wp-container-core-columns-is-layout-08a2a807 wp-block-columns-is-layout-flex\">\n<div class=\"wp-block-column is-layout-flow wp-block-column-is-layout-flow\">\n<p class=\"has-text-align-center has-accent-1-color has-text-color has-link-color has-xx-large-font-size wp-elements-b393a45985de71dc194b6cee72e904e6\" style=\"font-style:normal;font-weight:900\">1<\/p>\n\n\n\n<hr class=\"wp-block-separator has-text-color has-accent-1-color has-alpha-channel-opacity has-accent-1-background-color has-background is-style-fading\"\/>\n\n\n\n<p class=\"has-text-align-center\" style=\"font-style:normal;font-weight:600\">ATRACCION<\/p>\n\n\n\n<p class=\"has-text-align-center\">El cliente ve nuestro anuncio,publicaci\u00f3n en redes sociales, historia de Instagram,TikTok.<\/p>\n<\/div>\n\n\n\n<div class=\"wp-block-column is-layout-flow wp-block-column-is-layout-flow\">\n<p class=\"has-text-align-center has-accent-1-color has-text-color has-link-color has-xx-large-font-size wp-elements-29f29ca84e1c04d9ea870cb2bc11d588\" style=\"font-style:normal;font-weight:900\">2<\/p>\n\n\n\n<hr class=\"wp-block-separator has-text-color has-accent-1-color has-alpha-channel-opacity has-accent-1-background-color has-background is-style-fading\"\/>\n\n\n\n<p class=\"has-text-align-center\" style=\"font-style:normal;font-weight:600\">INTESES<\/p>\n\n\n\n<p class=\"has-text-align-center\">El cliente entra a ver los perfumes, revisa marcas,precios, promociones y fragancias disponibles.<\/p>\n<\/div>\n\n\n\n<div class=\"wp-block-column is-layout-flow wp-block-column-is-layout-flow\">\n<p class=\"has-text-align-center has-accent-1-color has-text-color has-link-color has-xx-large-font-size wp-elements-78b76322734df14042bb31db3f96c155\" style=\"font-style:normal;font-weight:900\">3<\/p>\n\n\n\n<hr class=\"wp-block-separator has-text-color has-accent-1-color has-alpha-channel-opacity has-accent-1-background-color has-background is-style-fading\"\/>\n\n\n\n<p class=\"has-text-align-center\" style=\"font-style:normal;font-weight:600\">CONSIDERACION<\/p>\n\n\n\n<p class=\"has-text-align-center\">Compara opciones,pregunta por duraci\u00f3n,originalidad,aromas y rese\u00f1as de otros clientes.<\/p>\n<\/div>\n\n\n\n<div class=\"wp-block-column is-layout-flow wp-block-column-is-layout-flow\">\n<p class=\"has-text-align-center has-accent-1-color has-text-color has-link-color has-xx-large-font-size wp-elements-371af92d9e851818f328c2cf398dfbc3\" style=\"font-style:normal;font-weight:900\">4<\/p>\n\n\n\n<hr class=\"wp-block-separator has-text-color has-accent-1-color has-alpha-channel-opacity has-accent-1-background-color has-background is-style-fading\"\/>\n\n\n\n<p class=\"has-text-align-center\" style=\"font-style:normal;font-weight:600\">DECISION<\/p>\n\n\n\n<p class=\"has-text-align-center\">Elige el perfume que m\u00e1s le gusta y lo agrega al carrito o te env\u00eda mensaje para comprar.<\/p>\n<\/div>\n\n\n\n<div class=\"wp-block-column is-layout-flow wp-block-column-is-layout-flow\">\n<p class=\"has-text-align-center has-accent-1-color has-text-color has-link-color has-xx-large-font-size wp-elements-8437a03a27b8182e2cf992bde3a2e2b1\" style=\"font-style:normal;font-weight:900\">5<\/p>\n\n\n\n<hr class=\"wp-block-separator has-text-color has-accent-1-color has-alpha-channel-opacity has-accent-1-background-color has-background is-style-fading\"\/>\n\n\n\n<p class=\"has-text-align-center\" style=\"font-style:normal;font-weight:600\">COMPRA<\/p>\n\n\n\n<p class=\"has-text-align-center\">Realiza el pago y confirma su pedido.<\/p>\n<\/div>\n<\/div>\n<\/div>\n","protected":false},"excerpt":{"rendered":"<p>1 ATRACCION El cliente ve nuestro anuncio,publicaci\u00f3n en redes sociales, historia de Instagram,TikTok. 2 INTESES El cliente entra a ver los perfumes, revisa marcas,precios, promociones y fragancias disponibles. 3 CONSIDERACION Compara opciones,pregunta por duraci\u00f3n,originalidad,aromas y rese\u00f1as de otros clientes. 4 DECISION Elige el perfume que m\u00e1s le gusta y lo agrega al carrito o te [&hellip;]<\/p>\n","protected":false},"author":1,"featured_media":0,"parent":0,"menu_order":0,"comment_status":"closed","ping_status":"closed","template":"","meta":{"footnotes":""},"class_list":["post-64","page","type-page","status-publish","hentry"],"yoast_head":"<!-- This site is optimized with the Yoast SEO plugin v27.4 - https:\/\/yoast.com\/product\/yoast-seo-wordpress\/ -->\n<title>Embudo de ventas - Aromas M\u00e9xico<\/title>\n<meta name=\"robots\" content=\"index, follow, max-snippet:-1, max-image-preview:large, max-video-preview:-1\" \/>\n<link rel=\"canonical\" href=\"https:\/\/wordpress-grvik.wasmer.app\/?page_id=64\" \/>\n<meta property=\"og:locale\" content=\"es_ES\" \/>\n<meta property=\"og:type\" content=\"article\" \/>\n<meta property=\"og:title\" content=\"Embudo de ventas - Aromas M\u00e9xico\" \/>\n<meta property=\"og:description\" content=\"1 ATRACCION El cliente ve nuestro anuncio,publicaci\u00f3n en redes sociales, historia de Instagram,TikTok. 2 INTESES El cliente entra a ver los perfumes, revisa marcas,precios, promociones y fragancias disponibles. 3 CONSIDERACION Compara opciones,pregunta por duraci\u00f3n,originalidad,aromas y rese\u00f1as de otros clientes. 4 DECISION Elige el perfume que m\u00e1s le gusta y lo agrega al carrito o te [&hellip;]\" \/>\n<meta property=\"og:url\" content=\"https:\/\/wordpress-grvik.wasmer.app\/?page_id=64\" \/>\n<meta property=\"og:site_name\" content=\"Aromas M\u00e9xico\" \/>\n<meta property=\"article:modified_time\" content=\"2026-04-10T08:58:07+00:00\" \/>\n<meta name=\"twitter:card\" content=\"summary_large_image\" \/>\n<script type=\"application\/ld+json\" class=\"yoast-schema-graph\">{\"@context\":\"https:\\\/\\\/schema.org\",\"@graph\":[{\"@type\":\"WebPage\",\"@id\":\"https:\\\/\\\/wordpress-grvik.wasmer.app\\\/?page_id=64\",\"url\":\"https:\\\/\\\/wordpress-grvik.wasmer.app\\\/?page_id=64\",\"name\":\"Embudo de ventas - Aromas M\u00e9xico\",\"isPartOf\":{\"@id\":\"https:\\\/\\\/wordpress-grvik.wasmer.app\\\/#website\"},\"datePublished\":\"2026-04-10T08:50:42+00:00\",\"dateModified\":\"2026-04-10T08:58:07+00:00\",\"breadcrumb\":{\"@id\":\"https:\\\/\\\/wordpress-grvik.wasmer.app\\\/?page_id=64#breadcrumb\"},\"inLanguage\":\"es\",\"potentialAction\":[{\"@type\":\"ReadAction\",\"target\":[\"https:\\\/\\\/wordpress-grvik.wasmer.app\\\/?page_id=64\"]}]},{\"@type\":\"BreadcrumbList\",\"@id\":\"https:\\\/\\\/wordpress-grvik.wasmer.app\\\/?page_id=64#breadcrumb\",\"itemListElement\":[{\"@type\":\"ListItem\",\"position\":1,\"name\":\"Portada\",\"item\":\"https:\\\/\\\/wordpress-grvik.wasmer.app\\\/\"},{\"@type\":\"ListItem\",\"position\":2,\"name\":\"Embudo de ventas\"}]},{\"@type\":\"WebSite\",\"@id\":\"https:\\\/\\\/wordpress-grvik.wasmer.app\\\/#website\",\"url\":\"https:\\\/\\\/wordpress-grvik.wasmer.app\\\/\",\"name\":\"Aromas M\u00e9xico\",\"description\":\"Perfumes de alta gama para hombres y mujeres que buscan un aroma \u00fanico y sofisticado.\",\"publisher\":{\"@id\":\"https:\\\/\\\/wordpress-grvik.wasmer.app\\\/#organization\"},\"potentialAction\":[{\"@type\":\"SearchAction\",\"target\":{\"@type\":\"EntryPoint\",\"urlTemplate\":\"https:\\\/\\\/wordpress-grvik.wasmer.app\\\/?s={search_term_string}\"},\"query-input\":{\"@type\":\"PropertyValueSpecification\",\"valueRequired\":true,\"valueName\":\"search_term_string\"}}],\"inLanguage\":\"es\"},{\"@type\":\"Organization\",\"@id\":\"https:\\\/\\\/wordpress-grvik.wasmer.app\\\/#organization\",\"name\":\"Aromas M\u00e9xico\",\"url\":\"https:\\\/\\\/wordpress-grvik.wasmer.app\\\/\",\"logo\":{\"@type\":\"ImageObject\",\"inLanguage\":\"es\",\"@id\":\"https:\\\/\\\/wordpress-grvik.wasmer.app\\\/#\\\/schema\\\/logo\\\/image\\\/\",\"url\":\"https:\\\/\\\/wordpress-grvik.wasmer.app\\\/wp-content\\\/uploads\\\/2026\\\/03\\\/Logos-Perfumeria-y-Cosmetica-Delicado-Beige-y-Negro.png\",\"contentUrl\":\"https:\\\/\\\/wordpress-grvik.wasmer.app\\\/wp-content\\\/uploads\\\/2026\\\/03\\\/Logos-Perfumeria-y-Cosmetica-Delicado-Beige-y-Negro.png\",\"width\":2000,\"height\":2000,\"caption\":\"Aromas M\u00e9xico\"},\"image\":{\"@id\":\"https:\\\/\\\/wordpress-grvik.wasmer.app\\\/#\\\/schema\\\/logo\\\/image\\\/\"}}]}<\/script>\n<!-- \/ Yoast SEO plugin. -->","yoast_head_json":{"title":"Embudo de ventas - Aromas M\u00e9xico","robots":{"index":"index","follow":"follow","max-snippet":"max-snippet:-1","max-image-preview":"max-image-preview:large","max-video-preview":"max-video-preview:-1"},"canonical":"https:\/\/wordpress-grvik.wasmer.app\/?page_id=64","og_locale":"es_ES","og_type":"article","og_title":"Embudo de ventas - Aromas M\u00e9xico","og_description":"1 ATRACCION El cliente ve nuestro anuncio,publicaci\u00f3n en redes sociales, historia de Instagram,TikTok. 2 INTESES El cliente entra a ver los perfumes, revisa marcas,precios, promociones y fragancias disponibles. 3 CONSIDERACION Compara opciones,pregunta por duraci\u00f3n,originalidad,aromas y rese\u00f1as de otros clientes. 4 DECISION Elige el perfume que m\u00e1s le gusta y lo agrega al carrito o te [&hellip;]","og_url":"https:\/\/wordpress-grvik.wasmer.app\/?page_id=64","og_site_name":"Aromas M\u00e9xico","article_modified_time":"2026-04-10T08:58:07+00:00","twitter_card":"summary_large_image","schema":{"@context":"https:\/\/schema.org","@graph":[{"@type":"WebPage","@id":"https:\/\/wordpress-grvik.wasmer.app\/?page_id=64","url":"https:\/\/wordpress-grvik.wasmer.app\/?page_id=64","name":"Embudo de ventas - Aromas M\u00e9xico","isPartOf":{"@id":"https:\/\/wordpress-grvik.wasmer.app\/#website"},"datePublished":"2026-04-10T08:50:42+00:00","dateModified":"2026-04-10T08:58:07+00:00","breadcrumb":{"@id":"https:\/\/wordpress-grvik.wasmer.app\/?page_id=64#breadcrumb"},"inLanguage":"es","potentialAction":[{"@type":"ReadAction","target":["https:\/\/wordpress-grvik.wasmer.app\/?page_id=64"]}]},{"@type":"BreadcrumbList","@id":"https:\/\/wordpress-grvik.wasmer.app\/?page_id=64#breadcrumb","itemListElement":[{"@type":"ListItem","position":1,"name":"Portada","item":"https:\/\/wordpress-grvik.wasmer.app\/"},{"@type":"ListItem","position":2,"name":"Embudo de ventas"}]},{"@type":"WebSite","@id":"https:\/\/wordpress-grvik.wasmer.app\/#website","url":"https:\/\/wordpress-grvik.wasmer.app\/","name":"Aromas M\u00e9xico","description":"Perfumes de alta gama para hombres y mujeres que buscan un aroma \u00fanico y sofisticado.","publisher":{"@id":"https:\/\/wordpress-grvik.wasmer.app\/#organization"},"potentialAction":[{"@type":"SearchAction","target":{"@type":"EntryPoint","urlTemplate":"https:\/\/wordpress-grvik.wasmer.app\/?s={search_term_string}"},"query-input":{"@type":"PropertyValueSpecification","valueRequired":true,"valueName":"search_term_string"}}],"inLanguage":"es"},{"@type":"Organization","@id":"https:\/\/wordpress-grvik.wasmer.app\/#organization","name":"Aromas M\u00e9xico","url":"https:\/\/wordpress-grvik.wasmer.app\/","logo":{"@type":"ImageObject","inLanguage":"es","@id":"https:\/\/wordpress-grvik.wasmer.app\/#\/schema\/logo\/image\/","url":"https:\/\/wordpress-grvik.wasmer.app\/wp-content\/uploads\/2026\/03\/Logos-Perfumeria-y-Cosmetica-Delicado-Beige-y-Negro.png","contentUrl":"https:\/\/wordpress-grvik.wasmer.app\/wp-content\/uploads\/2026\/03\/Logos-Perfumeria-y-Cosmetica-Delicado-Beige-y-Negro.png","width":2000,"height":2000,"caption":"Aromas M\u00e9xico"},"image":{"@id":"https:\/\/wordpress-grvik.wasmer.app\/#\/schema\/logo\/image\/"}}]}},"jetpack_sharing_enabled":true,"_links":{"self":[{"href":"https:\/\/wordpress-grvik.wasmer.app\/index.php?rest_route=\/wp\/v2\/pages\/64","targetHints":{"allow":["GET"]}}],"collection":[{"href":"https:\/\/wordpress-grvik.wasmer.app\/index.php?rest_route=\/wp\/v2\/pages"}],"about":[{"href":"https:\/\/wordpress-grvik.wasmer.app\/index.php?rest_route=\/wp\/v2\/types\/page"}],"author":[{"embeddable":true,"href":"https:\/\/wordpress-grvik.wasmer.app\/index.php?rest_route=\/wp\/v2\/users\/1"}],"replies":[{"embeddable":true,"href":"https:\/\/wordpress-grvik.wasmer.app\/index.php?rest_route=%2Fwp%2Fv2%2Fcomments&post=64"}],"version-history":[{"count":0,"href":"https:\/\/wordpress-grvik.wasmer.app\/index.php?rest_route=\/wp\/v2\/pages\/64\/revisions"}],"wp:attachment":[{"href":"https:\/\/wordpress-grvik.wasmer.app\/index.php?rest_route=%2Fwp%2Fv2%2Fmedia&parent=64"}],"curies":[{"name":"wp","href":"https:\/\/api.w.org\/{rel}","templated":true}]}}