{"id":2,"date":"2026-03-13T15:01:16","date_gmt":"2026-03-13T15:01:16","guid":{"rendered":"http:\/\/localhost\/?page_id=2"},"modified":"2026-04-15T02:11:20","modified_gmt":"2026-04-15T02:11:20","slug":"sample-page","status":"publish","type":"page","link":"https:\/\/wordpress-grvik.wasmer.app\/?page_id=2","title":{"rendered":"\u00bfQuienes somos?"},"content":{"rendered":"\n<p>En nuestra tienda creemos que cada perfume cuenta una historia. Nacimos con la idea de ofrecer fragancias 100% originales que permitan a cada persona expresar su estilo, personalidad y esencia a trav\u00e9s de un aroma \u00fanico.<\/p>\n\n\n\n<p>Nos apasiona brindar perfumes de la mejor calidad a precios accesibles, para que cada cliente encuentre esa fragancia especial que lo haga sentir seguro, elegante y aut\u00e9ntico. Trabajamos con una amplia variedad de marcas y aromas, desde opciones cl\u00e1sicas hasta las m\u00e1s modernas y exclusivas.<\/p>\n\n\n\n<p>M\u00e1s que vender perfumes, buscamos crear experiencias y ayudar a nuestros clientes a encontrar el aroma perfecto para cada momento de su vida.<\/p>\n\n\n\n<p>Tu esencia, nuestro compromiso.<\/p>\n\n\n\n<hr class=\"wp-block-separator has-alpha-channel-opacity\"\/>\n","protected":false},"excerpt":{"rendered":"<p>En nuestra tienda creemos que cada perfume cuenta una historia. Nacimos con la idea de ofrecer fragancias 100% originales que permitan a cada persona expresar su estilo, personalidad y esencia a trav\u00e9s de un aroma \u00fanico. Nos apasiona brindar perfumes de la mejor calidad a precios accesibles, para que cada cliente encuentre esa fragancia especial [&hellip;]<\/p>\n","protected":false},"author":1,"featured_media":0,"parent":0,"menu_order":0,"comment_status":"closed","ping_status":"open","template":"","meta":{"footnotes":""},"class_list":["post-2","page","type-page","status-publish","hentry"],"yoast_head":"<!-- This site is optimized with the Yoast SEO plugin v27.4 - https:\/\/yoast.com\/product\/yoast-seo-wordpress\/ -->\n<title>\u00bfQuienes somos? - Aromas M\u00e9xico<\/title>\n<meta name=\"robots\" content=\"index, follow, max-snippet:-1, max-image-preview:large, max-video-preview:-1\" \/>\n<link rel=\"canonical\" href=\"https:\/\/wordpress-grvik.wasmer.app\/?page_id=2\" \/>\n<meta property=\"og:locale\" content=\"es_ES\" \/>\n<meta property=\"og:type\" content=\"article\" \/>\n<meta property=\"og:title\" content=\"\u00bfQuienes somos? - Aromas M\u00e9xico\" \/>\n<meta property=\"og:description\" content=\"En nuestra tienda creemos que cada perfume cuenta una historia. Nacimos con la idea de ofrecer fragancias 100% originales que permitan a cada persona expresar su estilo, personalidad y esencia a trav\u00e9s de un aroma \u00fanico. Nos apasiona brindar perfumes de la mejor calidad a precios accesibles, para que cada cliente encuentre esa fragancia especial [&hellip;]\" \/>\n<meta property=\"og:url\" content=\"https:\/\/wordpress-grvik.wasmer.app\/?page_id=2\" \/>\n<meta property=\"og:site_name\" content=\"Aromas M\u00e9xico\" \/>\n<meta property=\"article:modified_time\" content=\"2026-04-15T02:11:20+00:00\" \/>\n<meta name=\"twitter:card\" content=\"summary_large_image\" \/>\n<meta name=\"twitter:label1\" content=\"Tiempo de lectura\" \/>\n\t<meta name=\"twitter:data1\" content=\"1 minuto\" \/>\n<script type=\"application\/ld+json\" class=\"yoast-schema-graph\">{\"@context\":\"https:\\\/\\\/schema.org\",\"@graph\":[{\"@type\":\"WebPage\",\"@id\":\"https:\\\/\\\/wordpress-grvik.wasmer.app\\\/?page_id=2\",\"url\":\"https:\\\/\\\/wordpress-grvik.wasmer.app\\\/?page_id=2\",\"name\":\"\u00bfQuienes somos? - Aromas M\u00e9xico\",\"isPartOf\":{\"@id\":\"https:\\\/\\\/wordpress-grvik.wasmer.app\\\/#website\"},\"datePublished\":\"2026-03-13T15:01:16+00:00\",\"dateModified\":\"2026-04-15T02:11:20+00:00\",\"breadcrumb\":{\"@id\":\"https:\\\/\\\/wordpress-grvik.wasmer.app\\\/?page_id=2#breadcrumb\"},\"inLanguage\":\"es\",\"potentialAction\":[{\"@type\":\"ReadAction\",\"target\":[\"https:\\\/\\\/wordpress-grvik.wasmer.app\\\/?page_id=2\"]}]},{\"@type\":\"BreadcrumbList\",\"@id\":\"https:\\\/\\\/wordpress-grvik.wasmer.app\\\/?page_id=2#breadcrumb\",\"itemListElement\":[{\"@type\":\"ListItem\",\"position\":1,\"name\":\"Portada\",\"item\":\"https:\\\/\\\/wordpress-grvik.wasmer.app\\\/\"},{\"@type\":\"ListItem\",\"position\":2,\"name\":\"\u00bfQuienes somos?\"}]},{\"@type\":\"WebSite\",\"@id\":\"https:\\\/\\\/wordpress-grvik.wasmer.app\\\/#website\",\"url\":\"https:\\\/\\\/wordpress-grvik.wasmer.app\\\/\",\"name\":\"Aromas M\u00e9xico\",\"description\":\"Perfumes de alta gama para hombres y mujeres que buscan un aroma \u00fanico y sofisticado.\",\"publisher\":{\"@id\":\"https:\\\/\\\/wordpress-grvik.wasmer.app\\\/#organization\"},\"potentialAction\":[{\"@type\":\"SearchAction\",\"target\":{\"@type\":\"EntryPoint\",\"urlTemplate\":\"https:\\\/\\\/wordpress-grvik.wasmer.app\\\/?s={search_term_string}\"},\"query-input\":{\"@type\":\"PropertyValueSpecification\",\"valueRequired\":true,\"valueName\":\"search_term_string\"}}],\"inLanguage\":\"es\"},{\"@type\":\"Organization\",\"@id\":\"https:\\\/\\\/wordpress-grvik.wasmer.app\\\/#organization\",\"name\":\"Aromas M\u00e9xico\",\"url\":\"https:\\\/\\\/wordpress-grvik.wasmer.app\\\/\",\"logo\":{\"@type\":\"ImageObject\",\"inLanguage\":\"es\",\"@id\":\"https:\\\/\\\/wordpress-grvik.wasmer.app\\\/#\\\/schema\\\/logo\\\/image\\\/\",\"url\":\"https:\\\/\\\/wordpress-grvik.wasmer.app\\\/wp-content\\\/uploads\\\/2026\\\/03\\\/Logos-Perfumeria-y-Cosmetica-Delicado-Beige-y-Negro.png\",\"contentUrl\":\"https:\\\/\\\/wordpress-grvik.wasmer.app\\\/wp-content\\\/uploads\\\/2026\\\/03\\\/Logos-Perfumeria-y-Cosmetica-Delicado-Beige-y-Negro.png\",\"width\":2000,\"height\":2000,\"caption\":\"Aromas M\u00e9xico\"},\"image\":{\"@id\":\"https:\\\/\\\/wordpress-grvik.wasmer.app\\\/#\\\/schema\\\/logo\\\/image\\\/\"}}]}<\/script>\n<!-- \/ Yoast SEO plugin. -->","yoast_head_json":{"title":"\u00bfQuienes somos? - Aromas M\u00e9xico","robots":{"index":"index","follow":"follow","max-snippet":"max-snippet:-1","max-image-preview":"max-image-preview:large","max-video-preview":"max-video-preview:-1"},"canonical":"https:\/\/wordpress-grvik.wasmer.app\/?page_id=2","og_locale":"es_ES","og_type":"article","og_title":"\u00bfQuienes somos? - Aromas M\u00e9xico","og_description":"En nuestra tienda creemos que cada perfume cuenta una historia. Nacimos con la idea de ofrecer fragancias 100% originales que permitan a cada persona expresar su estilo, personalidad y esencia a trav\u00e9s de un aroma \u00fanico. Nos apasiona brindar perfumes de la mejor calidad a precios accesibles, para que cada cliente encuentre esa fragancia especial [&hellip;]","og_url":"https:\/\/wordpress-grvik.wasmer.app\/?page_id=2","og_site_name":"Aromas M\u00e9xico","article_modified_time":"2026-04-15T02:11:20+00:00","twitter_card":"summary_large_image","twitter_misc":{"Tiempo de lectura":"1 minuto"},"schema":{"@context":"https:\/\/schema.org","@graph":[{"@type":"WebPage","@id":"https:\/\/wordpress-grvik.wasmer.app\/?page_id=2","url":"https:\/\/wordpress-grvik.wasmer.app\/?page_id=2","name":"\u00bfQuienes somos? - Aromas M\u00e9xico","isPartOf":{"@id":"https:\/\/wordpress-grvik.wasmer.app\/#website"},"datePublished":"2026-03-13T15:01:16+00:00","dateModified":"2026-04-15T02:11:20+00:00","breadcrumb":{"@id":"https:\/\/wordpress-grvik.wasmer.app\/?page_id=2#breadcrumb"},"inLanguage":"es","potentialAction":[{"@type":"ReadAction","target":["https:\/\/wordpress-grvik.wasmer.app\/?page_id=2"]}]},{"@type":"BreadcrumbList","@id":"https:\/\/wordpress-grvik.wasmer.app\/?page_id=2#breadcrumb","itemListElement":[{"@type":"ListItem","position":1,"name":"Portada","item":"https:\/\/wordpress-grvik.wasmer.app\/"},{"@type":"ListItem","position":2,"name":"\u00bfQuienes somos?"}]},{"@type":"WebSite","@id":"https:\/\/wordpress-grvik.wasmer.app\/#website","url":"https:\/\/wordpress-grvik.wasmer.app\/","name":"Aromas M\u00e9xico","description":"Perfumes de alta gama para hombres y mujeres que buscan un aroma \u00fanico y sofisticado.","publisher":{"@id":"https:\/\/wordpress-grvik.wasmer.app\/#organization"},"potentialAction":[{"@type":"SearchAction","target":{"@type":"EntryPoint","urlTemplate":"https:\/\/wordpress-grvik.wasmer.app\/?s={search_term_string}"},"query-input":{"@type":"PropertyValueSpecification","valueRequired":true,"valueName":"search_term_string"}}],"inLanguage":"es"},{"@type":"Organization","@id":"https:\/\/wordpress-grvik.wasmer.app\/#organization","name":"Aromas M\u00e9xico","url":"https:\/\/wordpress-grvik.wasmer.app\/","logo":{"@type":"ImageObject","inLanguage":"es","@id":"https:\/\/wordpress-grvik.wasmer.app\/#\/schema\/logo\/image\/","url":"https:\/\/wordpress-grvik.wasmer.app\/wp-content\/uploads\/2026\/03\/Logos-Perfumeria-y-Cosmetica-Delicado-Beige-y-Negro.png","contentUrl":"https:\/\/wordpress-grvik.wasmer.app\/wp-content\/uploads\/2026\/03\/Logos-Perfumeria-y-Cosmetica-Delicado-Beige-y-Negro.png","width":2000,"height":2000,"caption":"Aromas M\u00e9xico"},"image":{"@id":"https:\/\/wordpress-grvik.wasmer.app\/#\/schema\/logo\/image\/"}}]}},"jetpack_sharing_enabled":true,"_links":{"self":[{"href":"https:\/\/wordpress-grvik.wasmer.app\/index.php?rest_route=\/wp\/v2\/pages\/2","targetHints":{"allow":["GET"]}}],"collection":[{"href":"https:\/\/wordpress-grvik.wasmer.app\/index.php?rest_route=\/wp\/v2\/pages"}],"about":[{"href":"https:\/\/wordpress-grvik.wasmer.app\/index.php?rest_route=\/wp\/v2\/types\/page"}],"author":[{"embeddable":true,"href":"https:\/\/wordpress-grvik.wasmer.app\/index.php?rest_route=\/wp\/v2\/users\/1"}],"replies":[{"embeddable":true,"href":"https:\/\/wordpress-grvik.wasmer.app\/index.php?rest_route=%2Fwp%2Fv2%2Fcomments&post=2"}],"version-history":[{"count":0,"href":"https:\/\/wordpress-grvik.wasmer.app\/index.php?rest_route=\/wp\/v2\/pages\/2\/revisions"}],"wp:attachment":[{"href":"https:\/\/wordpress-grvik.wasmer.app\/index.php?rest_route=%2Fwp%2Fv2%2Fmedia&parent=2"}],"curies":[{"name":"wp","href":"https:\/\/api.w.org\/{rel}","templated":true}]}}